{"id":803,"date":"2018-08-30T16:19:04","date_gmt":"2018-08-30T19:19:04","guid":{"rendered":"https:\/\/inspinedo-cha.infd.edu.ar\/sitio\/docentes\/"},"modified":"2024-03-01T15:43:43","modified_gmt":"2024-03-01T18:43:43","slug":"docentes","status":"publish","type":"page","link":"https:\/\/inspinedo-cha.infd.edu.ar\/sitio\/docentes\/","title":{"rendered":"Docentes"},"content":{"rendered":"\n<p><\/p>\n\n\n<p><!--more-->N\u00f3mina del plantel docente actualizada al 21 de febrero de 2024.\u00a0<\/p>\n<table width=\"340\">\n<tbody>\n<tr>\n<td width=\"340\">\n<p><em>ANDREO, MAR\u00cdA FLORENCIA.-<\/em><\/p>\n<\/td>\n<\/tr>\n<tr>\n<td width=\"340\">\n<p><em>BARRIOS, CHRISTIAN MODESTO.-<\/em><\/p>\n<\/td>\n<\/tr>\n<tr>\n<td width=\"340\">\n<p><em>BRUA, MAR\u00cdA BEL\u00c9N.-<\/em><\/p>\n<\/td>\n<\/tr>\n<tr>\n<td width=\"340\">\n<p><em>CALL\u00c1N, JACINTO APARICIO.-<\/em><\/p>\n<\/td>\n<\/tr>\n<tr>\n<td width=\"340\">\n<p><em>CALL\u00c1N, JORGE SANTIAGO.-<\/em><\/p>\n<\/td>\n<\/tr>\n<tr>\n<td width=\"340\">\n<p><em>CANO, FRANCO SEBASTI\u00c1N<\/em><\/p>\n<\/td>\n<\/tr>\n<tr>\n<td width=\"340\">\n<p><em>CAPELLI, DAVID ALEJANDRO.-<\/em><\/p>\n<\/td>\n<\/tr>\n<tr>\n<td width=\"340\">\n<p><em>CARRIZO,\u00a0 MAR\u00cdA BEL\u00c9N.-<\/em><\/p>\n<\/td>\n<\/tr>\n<tr>\n<td width=\"340\">\n<p><em>CASTILLO, MARCOS JES\u00daS.-<\/em><\/p>\n<\/td>\n<\/tr>\n<tr>\n<td width=\"340\">\n<p><em>CASTILLO, NATALIA CRISTINA.-<\/em><\/p>\n<\/td>\n<\/tr>\n<tr>\n<td width=\"340\">\n<p><em>CERQUEIRO, GABRIELA.-<\/em><\/p>\n<\/td>\n<\/tr>\n<tr>\n<td width=\"340\">\n<p><em>CHWOEWSKY, YANINA MARTHA.-<\/em><\/p>\n<\/td>\n<\/tr>\n<tr>\n<td width=\"340\">\n<p><em>CORIA, JUAN MANUEL.-<\/em><\/p>\n<\/td>\n<\/tr>\n<tr>\n<td width=\"340\">\n<p><em>CORONEL BARRIOS CECILIA BELEN.-<\/em><\/p>\n<\/td>\n<\/tr>\n<tr>\n<td width=\"340\">\n<p><em>COTELLESO, ALEXIS LISANDRO SILVESTRE.-<\/em><\/p>\n<\/td>\n<\/tr>\n<tr>\n<td width=\"340\">\n<p><em>COTELLESO, SONIA SILVANA SOLEDAD.-<\/em><\/p>\n<\/td>\n<\/tr>\n<tr>\n<td width=\"340\">\n<p><em>COUCEIRO, CAMILA MARIANGELES.-<\/em><\/p>\n<\/td>\n<\/tr>\n<tr>\n<td width=\"340\">\n<p><em>DIAZ, LUCIANA MICAELA.-<\/em><\/p>\n<\/td>\n<\/tr>\n<tr>\n<td width=\"340\">\n<p><em>DIAZ, RITA ANABEL.-<\/em><\/p>\n<\/td>\n<\/tr>\n<tr>\n<td width=\"340\">\n<p><em>DOCTEUR, DANTE SEBASTI\u00c1N.-<\/em><\/p>\n<\/td>\n<\/tr>\n<tr>\n<td width=\"340\">\n<p><em>ESQUIVEL, DELMA DACIL<\/em><\/p>\n<\/td>\n<\/tr>\n<tr>\n<td width=\"340\">\n<p><em>ESQUIVEL, GRISELDA NOEM\u00cd.-<\/em><\/p>\n<\/td>\n<\/tr>\n<tr>\n<td width=\"340\">\n<p><em>FEDORCHUK, JACQUELINE GISEL.-<\/em><\/p>\n<\/td>\n<\/tr>\n<tr>\n<td width=\"340\">\n<p><em>FLORES, LUIS ALBERTO.-<\/em><\/p>\n<\/td>\n<\/tr>\n<tr>\n<td width=\"340\">\n<p><em>FLORES, MAR\u00cdA ITATI.-<\/em><\/p>\n<\/td>\n<\/tr>\n<tr>\n<td width=\"340\">\n<p><em>FRETES, MARIO LUIS.-<\/em><\/p>\n<\/td>\n<\/tr>\n<tr>\n<td width=\"340\">\n<p><em>GALVEZ CORONEL, VIVIANA CAROLINA.-<\/em><\/p>\n<\/td>\n<\/tr>\n<tr>\n<td width=\"340\">\n<p><em>GALVEZ, MART\u00cdN ARIEL.-<\/em><\/p>\n<\/td>\n<\/tr>\n<tr>\n<td width=\"340\">\n<p><em>GOMEZ, H\u00c9CTOR JOS\u00c9.-<\/em><\/p>\n<\/td>\n<\/tr>\n<tr>\n<td width=\"340\">\n<p><em>GOMEZ, JORGE EMILIANO.-<\/em><\/p>\n<\/td>\n<\/tr>\n<tr>\n<td width=\"340\">\n<p><em>GOMEZ , SILBIA MARISA.- <\/em><\/p>\n<\/td>\n<\/tr>\n<tr>\n<td width=\"340\">\n<p><em>GONZALEZ, FLAVIA ROMINA.-<\/em><\/p>\n<\/td>\n<\/tr>\n<tr>\n<td width=\"340\">\n<p><em>GONZALEZ, HORACIO FACUNDO.-<\/em><\/p>\n<\/td>\n<\/tr>\n<tr>\n<td width=\"340\">\n<p><em>HABENSCHUS, MIRIAN MAR\u00cdA.<\/em><\/p>\n<\/td>\n<\/tr>\n<tr>\n<td width=\"340\">\n<p><em>HERRERA, JULIA VIVIANA.-<\/em><\/p>\n<\/td>\n<\/tr>\n<tr>\n<td width=\"340\">\n<p><em>HERRERA, M\u00d3NICA GRACIELA.-<\/em><\/p>\n<\/td>\n<\/tr>\n<tr>\n<td width=\"340\">\n<p><em>ISLA, RAMONA ESTER.-<\/em><\/p>\n<\/td>\n<\/tr>\n<tr>\n<td width=\"340\">\n<p><em>JAIMES, CLAUDIO REN\u00c9.-<\/em><\/p>\n<\/td>\n<\/tr>\n<tr>\n<td width=\"340\">\n<p><em>JU\u00c1REZ, MARIANO JAVIER.-<\/em><\/p>\n<\/td>\n<\/tr>\n<tr>\n<td width=\"340\">\n<p><em>LEDESMA, ALEJANDRO.-<\/em><\/p>\n<\/td>\n<\/tr>\n<tr>\n<td width=\"340\">\n<p><em>LEDESMA, ANTONIO JUAN.-<\/em><\/p>\n<\/td>\n<\/tr>\n<tr>\n<td width=\"340\">\n<p><em>LIVA, LILIANA LORENA.-<\/em><\/p>\n<\/td>\n<\/tr>\n<tr>\n<td width=\"340\">\n<p><em>LIZARDO, OLGA NOEM\u00cd.-<\/em><\/p>\n<table width=\"678\">\n<tbody>\n<tr>\n<td width=\"340\">\n<p><em>LOBOS MELISA.-<\/em><\/p>\n<\/td>\n<\/tr>\n<tr>\n<td width=\"340\">\n<p><em>LOPEZ, GISELA VIVIANA.-<\/em><\/p>\n<\/td>\n<\/tr>\n<tr>\n<td width=\"340\">\n<p><em>L\u00d3PEZ, MAR\u00cdA AYAL\u00c9N.-<\/em><\/p>\n<\/td>\n<\/tr>\n<tr>\n<td width=\"340\">\n<p><em>LOPEZ, ROMINA MARIEL.-<\/em><\/p>\n<\/td>\n<\/tr>\n<tr>\n<td width=\"340\">\n<p><em>MANTELLATO, ANA ELISA.-<\/em><\/p>\n<\/td>\n<\/tr>\n<tr>\n<td width=\"340\">\n<p><em>MARELLO, VANESA MARIEL.-<\/em><\/p>\n<\/td>\n<\/tr>\n<tr>\n<td width=\"340\">\n<p><em>MI\u00d1O, DAIANA YESSICA<\/em><\/p>\n<\/td>\n<\/tr>\n<tr>\n<td width=\"340\">\n<p><em>MENDOZA, SILVIA LORENA.-<\/em><\/p>\n<\/td>\n<\/tr>\n<tr>\n<td width=\"340\">\n<p><em>MILLA, TAMARA ALDANA.-<\/em><\/p>\n<\/td>\n<\/tr>\n<tr>\n<td width=\"340\">\n<p><em>MORITZ CIPOLLETTI, TAMARA MAGAL\u00cd.-<\/em><\/p>\n<\/td>\n<\/tr>\n<tr>\n<td width=\"340\">\n<p><em>PAZ, AGOSTINA FLORENCIA.-<\/em><\/p>\n<\/td>\n<\/tr>\n<tr>\n<td width=\"340\">\n<p><em>PALIJCZUK, JULIA ROSA.-<\/em><\/p>\n<\/td>\n<\/tr>\n<tr>\n<td width=\"340\">\n<p><em>PEREZ, CLAUDIO DANIEL.-<\/em><\/p>\n<\/td>\n<\/tr>\n<tr>\n<td width=\"340\">\n<p><em>PEREZ, LUCIANA MARIEL.-<\/em><\/p>\n<\/td>\n<\/tr>\n<tr>\n<td width=\"340\">\n<p><em>PEREZ, LUIS ALBERTO.-<\/em><\/p>\n<\/td>\n<\/tr>\n<tr>\n<td width=\"340\">\n<p><em>RAMIREZ, ROBERTO CARLOS.- <\/em><\/p>\n<\/td>\n<\/tr>\n<tr>\n<td width=\"340\">\n<p><em>RESCHINI, ROSANA MARISOL .-<\/em><\/p>\n<\/td>\n<\/tr>\n<tr>\n<td width=\"340\">\n<p><em>ROJAS, LEONARDO ARGENTINO.-<\/em><\/p>\n<\/td>\n<\/tr>\n<tr>\n<td width=\"340\">\n<p><em>ROMERO, ANDREA PAOLA NOEM\u00cd.-<\/em><\/p>\n<\/td>\n<\/tr>\n<tr>\n<td width=\"340\">\n<p><em>ROTGER, CLARIS<\/em><em>A ELIZABET.-<\/em><\/p>\n<\/td>\n<\/tr>\n<tr>\n<td width=\"340\">\n<p><em>ROTGER, ROMINA PAOLA.-<\/em><\/p>\n<\/td>\n<\/tr>\n<tr>\n<td width=\"340\">\n<p><em>SANCHEZ, NATALIA SOLEDAD.-<\/em><\/p>\n<\/td>\n<\/tr>\n<tr>\n<td width=\"340\">\n<p><em>SATTLER, KAREN DAIANA.-<\/em><\/p>\n<\/td>\n<\/tr>\n<tr>\n<td width=\"340\">\n<p><em>SEQUEIRA, VALERIA ELISABETH.-<\/em><\/p>\n<\/td>\n<\/tr>\n<tr>\n<td width=\"340\">\n<p><em>SHILENGO, LILIANA MARIEL.-<\/em><\/p>\n<\/td>\n<\/tr>\n<tr>\n<td width=\"340\">\n<p><em>SORIA FERRERO, TATIANA NARELA .-<\/em><\/p>\n<\/td>\n<\/tr>\n<tr>\n<td width=\"340\">\n<p><em>SORIA, HUGO MARCELO.-<\/em><\/p>\n<\/td>\n<\/tr>\n<tr>\n<td width=\"340\">\n<p><em>SOSA GISDACHCI, IVANNA FIORELLA.-<\/em><\/p>\n<\/td>\n<\/tr>\n<tr>\n<td width=\"340\">\n<p><em>SOSA, UBALDO DAVID.-<\/em><\/p>\n<\/td>\n<\/tr>\n<tr>\n<td width=\"340\">\n<p><em>SUAREZ, MAR\u00cdA DE LOS \u00c1NGELES.-<\/em><\/p>\n<\/td>\n<\/tr>\n<tr>\n<td width=\"340\">\n<p><em>TOBAR, NOELIA PATRICIA.-<\/em><\/p>\n<\/td>\n<\/tr>\n<tr>\n<td width=\"340\">\n<p><em>TOLOSA, ANA PAULA.-<\/em><\/p>\n<\/td>\n<\/tr>\n<tr>\n<td width=\"340\">\n<p><em>VARELA, ROC\u00cdO MARISEL.-<\/em><\/p>\n<\/td>\n<\/tr>\n<tr>\n<td width=\"340\">\n<p><em>VASILIOVKI, JONAT\u00c1N WILFREDO.-<\/em><\/p>\n<\/td>\n<\/tr>\n<tr>\n<td width=\"340\">\n<p><em>VIGNATO REPANICH, ORNELLA DENISE.-<\/em><\/p>\n<\/td>\n<\/tr>\n<tr>\n<td width=\"340\">\n<p><em>VILDOSOLA, MARCOS MARTIN.-<\/em><\/p>\n<\/td>\n<\/tr>\n<tr>\n<td width=\"340\">\n<p><em>WETZSTEIN, MARIA ISABEL.-<\/em><\/p>\n<\/td>\n<\/tr>\n<tr>\n<td width=\"340\">\n<p><em>ZENOFF, CLARISA DORELIA.-<\/em><\/p>\n<\/td>\n<\/tr>\n<\/tbody>\n<\/table>\n<\/td>\n<\/tr>\n<\/tbody>\n<\/table>","protected":false},"excerpt":{"rendered":"","protected":false},"author":257,"featured_media":0,"parent":0,"menu_order":0,"comment_status":"closed","ping_status":"closed","template":"","meta":[],"acf":[],"_links":{"self":[{"href":"https:\/\/inspinedo-cha.infd.edu.ar\/sitio\/wp-json\/wp\/v2\/pages\/803"}],"collection":[{"href":"https:\/\/inspinedo-cha.infd.edu.ar\/sitio\/wp-json\/wp\/v2\/pages"}],"about":[{"href":"https:\/\/inspinedo-cha.infd.edu.ar\/sitio\/wp-json\/wp\/v2\/types\/page"}],"author":[{"embeddable":true,"href":"https:\/\/inspinedo-cha.infd.edu.ar\/sitio\/wp-json\/wp\/v2\/users\/257"}],"replies":[{"embeddable":true,"href":"https:\/\/inspinedo-cha.infd.edu.ar\/sitio\/wp-json\/wp\/v2\/comments?post=803"}],"version-history":[{"count":2,"href":"https:\/\/inspinedo-cha.infd.edu.ar\/sitio\/wp-json\/wp\/v2\/pages\/803\/revisions"}],"predecessor-version":[{"id":972,"href":"https:\/\/inspinedo-cha.infd.edu.ar\/sitio\/wp-json\/wp\/v2\/pages\/803\/revisions\/972"}],"wp:attachment":[{"href":"https:\/\/inspinedo-cha.infd.edu.ar\/sitio\/wp-json\/wp\/v2\/media?parent=803"}],"curies":[{"name":"wp","href":"https:\/\/api.w.org\/{rel}","templated":true}]}}